{"id":655,"date":"2020-04-12T10:15:48","date_gmt":"2020-04-12T08:15:48","guid":{"rendered":"http:\/\/chimiepcsihoche.fr\/?page_id=655"},"modified":"2025-08-01T11:47:27","modified_gmt":"2025-08-01T09:47:27","slug":"liens-culture-scientifique","status":"publish","type":"page","link":"https:\/\/chimiepcsihoche.fr\/index.php\/liens-culture-scientifique\/","title":{"rendered":"Liens culture scientifique"},"content":{"rendered":"\n<ul class=\"wp-block-list\">\n<li><a href=\"https:\/\/www.mediachimie.org\/\">https:\/\/www.mediachimie.org\/<\/a>   <\/li>\n\n\n\n<li><a href=\"http:\/\/culturesciences.chimie.ens.fr\/\">http:\/\/culturesciences.chimie.ens.fr\/<\/a> <\/li>\n<\/ul>\n\n\n\n<hr class=\"wp-block-separator has-css-opacity\"\/>\n\n\n\n<p>Quelques revues int\u00e9ressantes :<\/p>\n\n\n\n<ul class=\"wp-block-list\">\n<li>l&rsquo;<a href=\"http:\/\/www.lactualitechimique.org\/\">Actualit\u00e9 chimique<\/a> (me contacter si besoin) et dans sa partie ressources : <a href=\"https:\/\/new.societechimiquedefrance.fr\/education-et-societe\/fiches-un-point-sur\/\">https:\/\/new.societechimiquedefrance.fr\/education-et-societe\/fiches-un-point-sur\/ <\/a><\/li>\n\n\n\n<li>Journal of Chemical Education (disponible en version papier \u00e0 la biblioth\u00e8que de l&rsquo;UVSQ, empruntable si vous \u00eates inscrits en cumulatif \u00e0 l&rsquo;UVSQ)<\/li>\n\n\n\n<li><a href=\"https:\/\/www.udppc.asso.fr\/le-bup\">Bulletin de l&rsquo;Union des Physiciens<\/a><\/li>\n\n\n\n<li>Pour la Science<\/li>\n\n\n\n<li>Epsiloon<\/li>\n\n\n\n<li>La Recherche<\/li>\n<\/ul>\n\n\n\n<hr class=\"wp-block-separator has-css-opacity\"\/>\n\n\n\n<ul class=\"wp-block-list\">\n<li><strong>++T\u00e9moignages de chimistes<\/strong>++<\/li>\n<\/ul>\n\n\n\n<figure class=\"wp-block-embed is-type-video is-provider-youtube wp-block-embed-youtube wp-embed-aspect-16-9 wp-has-aspect-ratio\"><div class=\"wp-block-embed__wrapper\">\n<iframe loading=\"lazy\" title=\"T\u00e9moignages de chimistes\" width=\"840\" height=\"473\" src=\"https:\/\/www.youtube.com\/embed\/videoseries?list=PL4-5RJd2oIUxzuVQikFvRzY2b1K0-bjt6\" frameborder=\"0\" allow=\"accelerometer; autoplay; clipboard-write; encrypted-media; gyroscope; picture-in-picture; web-share\" allowfullscreen><\/iframe>\n<\/div><\/figure>\n\n\n\n<p><em><strong>La SCF vous invite \u00e0 d\u00e9couvrir des t\u00e9moignages de chimistes racontant leur parcours et leur quotidien.<\/strong><\/em><\/p>\n","protected":false},"excerpt":{"rendered":"<p>Quelques revues int\u00e9ressantes : La SCF vous invite \u00e0 d\u00e9couvrir des t\u00e9moignages de chimistes racontant leur parcours et leur quotidien.<\/p>\n","protected":false},"author":1,"featured_media":0,"parent":0,"menu_order":0,"comment_status":"closed","ping_status":"closed","template":"","meta":{"_monsterinsights_skip_tracking":false,"_monsterinsights_sitenote_active":false,"_monsterinsights_sitenote_note":"","_monsterinsights_sitenote_category":0,"footnotes":""},"class_list":["post-655","page","type-page","status-publish","hentry"],"_links":{"self":[{"href":"https:\/\/chimiepcsihoche.fr\/index.php\/wp-json\/wp\/v2\/pages\/655","targetHints":{"allow":["GET"]}}],"collection":[{"href":"https:\/\/chimiepcsihoche.fr\/index.php\/wp-json\/wp\/v2\/pages"}],"about":[{"href":"https:\/\/chimiepcsihoche.fr\/index.php\/wp-json\/wp\/v2\/types\/page"}],"author":[{"embeddable":true,"href":"https:\/\/chimiepcsihoche.fr\/index.php\/wp-json\/wp\/v2\/users\/1"}],"replies":[{"embeddable":true,"href":"https:\/\/chimiepcsihoche.fr\/index.php\/wp-json\/wp\/v2\/comments?post=655"}],"version-history":[{"count":16,"href":"https:\/\/chimiepcsihoche.fr\/index.php\/wp-json\/wp\/v2\/pages\/655\/revisions"}],"predecessor-version":[{"id":3027,"href":"https:\/\/chimiepcsihoche.fr\/index.php\/wp-json\/wp\/v2\/pages\/655\/revisions\/3027"}],"wp:attachment":[{"href":"https:\/\/chimiepcsihoche.fr\/index.php\/wp-json\/wp\/v2\/media?parent=655"}],"curies":[{"name":"wp","href":"https:\/\/api.w.org\/{rel}","templated":true}]}}