{"id":299,"date":"2019-03-16T18:35:19","date_gmt":"2019-03-16T17:35:19","guid":{"rendered":"http:\/\/chimiepcsihoche.fr\/?page_id=299"},"modified":"2026-01-20T09:54:50","modified_gmt":"2026-01-20T08:54:50","slug":"tipe","status":"publish","type":"page","link":"https:\/\/chimiepcsihoche.fr\/index.php\/tipe\/","title":{"rendered":"TIPE"},"content":{"rendered":"\n<div data-wp-interactive=\"core\/file\" class=\"wp-block-file\"><object data-wp-bind--hidden=\"!state.hasPdfPreview\" hidden class=\"wp-block-file__embed\" data=\"https:\/\/chimiepcsihoche.fr\/wp-content\/uploads\/2026\/01\/presentation-epreuve-v2.pdf\" type=\"application\/pdf\" style=\"width:100%;height:600px\" aria-label=\"Contenu embarqu\u00e9 pr\u00e9sentation \u00e9preuve v2.\"><\/object><a id=\"wp-block-file--media-4da447d9-d7c4-40e2-9d0a-6826ec8f7328\" href=\"https:\/\/chimiepcsihoche.fr\/wp-content\/uploads\/2026\/01\/presentation-epreuve-v2.pdf\">pr\u00e9sentation \u00e9preuve v2<\/a><a href=\"https:\/\/chimiepcsihoche.fr\/wp-content\/uploads\/2026\/01\/presentation-epreuve-v2.pdf\" class=\"wp-block-file__button wp-element-button\" download aria-describedby=\"wp-block-file--media-4da447d9-d7c4-40e2-9d0a-6826ec8f7328\">T\u00e9l\u00e9charger<\/a><\/div>\n\n\n\n<p>Le th\u00e8me pour les TIPE des concours de 2027 est \u00ab\u00a0<em><strong>sobri\u00e9t\u00e9, efficacit\u00e9, optimisation<\/strong><\/em>\u00ab\u00a0.<\/p>\n\n\n\n<p>Ce th\u00e8me permet beaucoup de sujet de chimie ou physique\/chimie : <\/p>\n\n\n\n<ul class=\"wp-block-list\">\n<li>en chimie organique : optimisation d&rsquo;une synth\u00e8se, \u00e9conomie d&rsquo;atomes, de solvant,&#8230;<\/li>\n\n\n\n<li>en chimie des solutions : optimisation de proc\u00e9d\u00e9s, recyclage de mat\u00e9riaux, efficacit\u00e9 des m\u00e9thodes de mesures,&#8230;<\/li>\n\n\n\n<li>&#8230; il y a peu de manipulations que l&rsquo;on ne pourra pas faire rentrer dans le th\u00e8me !<\/li>\n<\/ul>\n\n\n\n<p>Pour votre information, le th\u00e8me 2026  (donc celui de vos sp\u00e9&#8230;) est : \u00ab\u00a0<strong>CYCLES et BOUCLES<\/strong>\u00a0\u00bb (beaucoup plus restreint).<\/p>\n\n\n\n<p>N&rsquo;h\u00e9sitez pas \u00e0 \u00e9changer avec vos sp\u00e9 \u00e0 propos de l&rsquo;avancement de leur travail pour vous faire une id\u00e9e plus pr\u00e9cise de ce qui est attendu. Discutez aussi du th\u00e8me avec votre entourage pour glaner des id\u00e9es.<\/p>\n\n\n\n<p># <strong>Quelques liens pour vous donner des id\u00e9es<\/strong> :<\/p>\n\n\n\n<ul class=\"wp-block-list\">\n<li> <a href=\"http:\/\/culturesciences.chimie.ens.fr\/\">http:\/\/culturesciences.chimie.ens.fr\/<\/a> <\/li>\n\n\n\n<li> <a href=\"https:\/\/www.mediachimie.org\/\">https:\/\/www.mediachimie.org\/<\/a> <\/li>\n<\/ul>\n\n\n\n<p># <strong>feuilletez les journaux suivants<\/strong> :<\/p>\n\n\n\n<ul class=\"wp-block-list\">\n<li><a href=\"https:\/\/new.societechimiquedefrance.fr\/lactualite-chimique-le-journal-de-la-scf\/\">l&rsquo;<strong>Actualit\u00e9 chimique<\/strong><\/a> (si besoin, me contacter pour l&rsquo;acc\u00e8s aux articles souhait\u00e9s)<\/li>\n\n\n\n<li><strong>Journal of Chemical Education<\/strong> (disponible en version papier \u00e0 la biblioth\u00e8que de l&rsquo;UVSQ ; empruntable si vous \u00eates inscrits en cumulatif). Vous y trouverez de tr\u00e8s bonnes id\u00e9es de manipulations r\u00e9alisables dans le cadre du laboratoire du lyc\u00e9e.<\/li>\n\n\n\n<li><a href=\"https:\/\/www.udppc.asso.fr\/le-bup\"><strong>Bulletin de l&rsquo;Union des Physiciens<\/strong><\/a><\/li>\n\n\n\n<li>Pour la Science<\/li>\n\n\n\n<li>Epsiloon<\/li>\n\n\n\n<li>La Recherche<\/li>\n<\/ul>\n\n\n\n<p><strong># parcourez les livres de la collection \u00ab\u00a0Chimie et &#8230;.\u00a0\u00bb <\/strong>chez EDP Sciences (disponibles au CDI) . <\/p>\n\n\n\n<p><strong># feuilletez les livres de manipulations <\/strong>disponibles au laboratoire de chimie (vous ne pouvez pas les emprunter mais il est possible de les consulter sur place, demandez au personnel de laboratoire ; je peux vous faire des photocopies des pages qui vous int\u00e9ressent).<\/p>\n\n\n\n<hr class=\"wp-block-separator has-css-opacity\"\/>\n\n\n\n<p><strong>Demande de mat\u00e9riel pour les manipulations :<\/strong><\/p>\n\n\n\n<div data-wp-interactive=\"core\/file\" class=\"wp-block-file\"><object data-wp-bind--hidden=\"!state.hasPdfPreview\" hidden class=\"wp-block-file__embed\" data=\"https:\/\/chimiepcsihoche.fr\/wp-content\/uploads\/2024\/08\/demande-de-materiel-TIPE.pdf\" type=\"application\/pdf\" style=\"width:100%;height:600px\" aria-label=\"Contenu embarqu\u00e9 demande de mat\u00e9riel TIPE.\"><\/object><a id=\"wp-block-file--media-151a0ab6-53af-4d0e-9638-3a1b790e80aa\" href=\"https:\/\/chimiepcsihoche.fr\/wp-content\/uploads\/2024\/08\/demande-de-materiel-TIPE.pdf\">demande de mat\u00e9riel TIPE<\/a><a href=\"https:\/\/chimiepcsihoche.fr\/wp-content\/uploads\/2024\/08\/demande-de-materiel-TIPE.pdf\" class=\"wp-block-file__button wp-element-button\" download aria-describedby=\"wp-block-file--media-151a0ab6-53af-4d0e-9638-3a1b790e80aa\">T\u00e9l\u00e9charger<\/a><\/div>\n\n\n\n<p>La fiche est \u00e0 compl\u00e9ter, \u00e0 faire signer et \u00e0 apporter au laboratoire minimum 1 semaine avant la s\u00e9ance.<\/p>\n\n\n\n<p>La liste doit \u00eatre aussi compl\u00e8te que possible : penser \u00e0 la verrerie de pr\u00e9l\u00e8vement (b\u00e9chers, \u00e9prouvettes, pipettes, entonnoirs&#8230;), au barreau aimant\u00e9 et agitateur magn\u00e9tique, aux \u00e9lectrodes qui vont avec les appareils de mesure,&#8230;<\/p>\n\n\n\n<hr class=\"wp-block-separator has-alpha-channel-opacity\"\/>\n\n\n\n<p>Pour information, le th\u00e8me pour 2025 \u00e9tait \u00ab\u00a0<strong>transformation, transition, conversion<\/strong>\u00ab\u00a0, celui pour 2024 \u00ab\u00a0<strong>sports et jeux<\/strong>\u00ab\u00a0.<\/p>\n","protected":false},"excerpt":{"rendered":"<p>Le th\u00e8me pour les TIPE des concours de 2027 est \u00ab\u00a0sobri\u00e9t\u00e9, efficacit\u00e9, optimisation\u00ab\u00a0. Ce th\u00e8me permet beaucoup de sujet de chimie ou physique\/chimie : Pour votre information, le th\u00e8me 2026 (donc celui de vos sp\u00e9&#8230;) est : \u00ab\u00a0CYCLES et BOUCLES\u00a0\u00bb (beaucoup plus restreint). N&rsquo;h\u00e9sitez pas \u00e0 \u00e9changer avec vos sp\u00e9 \u00e0 propos de l&rsquo;avancement de &hellip; <a href=\"https:\/\/chimiepcsihoche.fr\/index.php\/tipe\/\" class=\"more-link\">Continuer la lecture<span class=\"screen-reader-text\"> de &laquo;&nbsp;TIPE&nbsp;&raquo;<\/span><\/a><\/p>\n","protected":false},"author":1,"featured_media":0,"parent":0,"menu_order":0,"comment_status":"closed","ping_status":"closed","template":"","meta":{"_monsterinsights_skip_tracking":false,"_monsterinsights_sitenote_active":false,"_monsterinsights_sitenote_note":"","_monsterinsights_sitenote_category":0,"footnotes":""},"class_list":["post-299","page","type-page","status-publish","hentry"],"_links":{"self":[{"href":"https:\/\/chimiepcsihoche.fr\/index.php\/wp-json\/wp\/v2\/pages\/299","targetHints":{"allow":["GET"]}}],"collection":[{"href":"https:\/\/chimiepcsihoche.fr\/index.php\/wp-json\/wp\/v2\/pages"}],"about":[{"href":"https:\/\/chimiepcsihoche.fr\/index.php\/wp-json\/wp\/v2\/types\/page"}],"author":[{"embeddable":true,"href":"https:\/\/chimiepcsihoche.fr\/index.php\/wp-json\/wp\/v2\/users\/1"}],"replies":[{"embeddable":true,"href":"https:\/\/chimiepcsihoche.fr\/index.php\/wp-json\/wp\/v2\/comments?post=299"}],"version-history":[{"count":82,"href":"https:\/\/chimiepcsihoche.fr\/index.php\/wp-json\/wp\/v2\/pages\/299\/revisions"}],"predecessor-version":[{"id":3174,"href":"https:\/\/chimiepcsihoche.fr\/index.php\/wp-json\/wp\/v2\/pages\/299\/revisions\/3174"}],"wp:attachment":[{"href":"https:\/\/chimiepcsihoche.fr\/index.php\/wp-json\/wp\/v2\/media?parent=299"}],"curies":[{"name":"wp","href":"https:\/\/api.w.org\/{rel}","templated":true}]}}