{"id":2442,"date":"2023-09-18T22:00:08","date_gmt":"2023-09-18T20:00:08","guid":{"rendered":"http:\/\/chimiepcsihoche.fr\/?page_id=2442"},"modified":"2026-04-08T08:42:16","modified_gmt":"2026-04-08T06:42:16","slug":"corrections-td","status":"publish","type":"page","link":"https:\/\/chimiepcsihoche.fr\/index.php\/corrections-td\/","title":{"rendered":"Corrections TD"},"content":{"rendered":"\n<div data-wp-interactive=\"core\/file\" class=\"wp-block-file\"><object data-wp-bind--hidden=\"!state.hasPdfPreview\" hidden class=\"wp-block-file__embed\" data=\"https:\/\/chimiepcsihoche.fr\/wp-content\/uploads\/2026\/04\/equilibres-acido-basiques-TD-CORRECTION-EX-9.pdf\" type=\"application\/pdf\" style=\"width:100%;height:600px\" aria-label=\"Contenu embarqu\u00e9 \u00e9quilibres acido-basiques TD CORRECTION EX 9.\"><\/object><a id=\"wp-block-file--media-9b3c4d3e-a98b-4e70-b781-6a10d101c559\" href=\"https:\/\/chimiepcsihoche.fr\/wp-content\/uploads\/2026\/04\/equilibres-acido-basiques-TD-CORRECTION-EX-9.pdf\">\u00e9quilibres acido-basiques TD CORRECTION EX 9<\/a><a href=\"https:\/\/chimiepcsihoche.fr\/wp-content\/uploads\/2026\/04\/equilibres-acido-basiques-TD-CORRECTION-EX-9.pdf\" class=\"wp-block-file__button wp-element-button\" download aria-describedby=\"wp-block-file--media-9b3c4d3e-a98b-4e70-b781-6a10d101c559\">T\u00e9l\u00e9charger<\/a><\/div>\n\n\n\n<div data-wp-interactive=\"core\/file\" class=\"wp-block-file\"><object data-wp-bind--hidden=\"!state.hasPdfPreview\" hidden class=\"wp-block-file__embed\" data=\"https:\/\/chimiepcsihoche.fr\/wp-content\/uploads\/2026\/04\/Activation-de-fonction-TD-correction-ex3-8.pdf\" type=\"application\/pdf\" style=\"width:100%;height:600px\" aria-label=\"Contenu embarqu\u00e9 Activation de fonction TD correction ex3-8.\"><\/object><a id=\"wp-block-file--media-2aa6a310-4047-41ac-ba02-8797e02ac9b2\" href=\"https:\/\/chimiepcsihoche.fr\/wp-content\/uploads\/2026\/04\/Activation-de-fonction-TD-correction-ex3-8.pdf\">Activation de fonction TD correction ex3-8<\/a><a href=\"https:\/\/chimiepcsihoche.fr\/wp-content\/uploads\/2026\/04\/Activation-de-fonction-TD-correction-ex3-8.pdf\" class=\"wp-block-file__button wp-element-button\" download aria-describedby=\"wp-block-file--media-2aa6a310-4047-41ac-ba02-8797e02ac9b2\">T\u00e9l\u00e9charger<\/a><\/div>\n\n\n\n<div data-wp-interactive=\"core\/file\" class=\"wp-block-file\"><object data-wp-bind--hidden=\"!state.hasPdfPreview\" hidden class=\"wp-block-file__embed\" data=\"https:\/\/chimiepcsihoche.fr\/wp-content\/uploads\/2026\/03\/analyses-spectroscopiques-TD-correction-EX-4-a-7.pdf\" type=\"application\/pdf\" style=\"width:100%;height:600px\" aria-label=\"Contenu embarqu\u00e9 analyses spectroscopiques TD correction EX 4 \u00e0 7.\"><\/object><a id=\"wp-block-file--media-a4d77a02-1846-4067-831e-1c4f21ca77e0\" href=\"https:\/\/chimiepcsihoche.fr\/wp-content\/uploads\/2026\/03\/analyses-spectroscopiques-TD-correction-EX-4-a-7.pdf\">analyses spectroscopiques TD correction EX 4 \u00e0 7<\/a><a href=\"https:\/\/chimiepcsihoche.fr\/wp-content\/uploads\/2026\/03\/analyses-spectroscopiques-TD-correction-EX-4-a-7.pdf\" class=\"wp-block-file__button wp-element-button\" download aria-describedby=\"wp-block-file--media-a4d77a02-1846-4067-831e-1c4f21ca77e0\">T\u00e9l\u00e9charger<\/a><\/div>\n\n\n\n<div data-wp-interactive=\"core\/file\" class=\"wp-block-file\"><object data-wp-bind--hidden=\"!state.hasPdfPreview\" hidden class=\"wp-block-file__embed\" data=\"https:\/\/chimiepcsihoche.fr\/wp-content\/uploads\/2026\/02\/correction-TD-AN-O5-ex-4-a-8.pdf\" type=\"application\/pdf\" style=\"width:100%;height:600px\" aria-label=\"Contenu embarqu\u00e9 correction TD AN O5 ex 4 \u00e0 8.\"><\/object><a id=\"wp-block-file--media-db0f6130-ded6-4706-9bf4-9bb7fda13c22\" href=\"https:\/\/chimiepcsihoche.fr\/wp-content\/uploads\/2026\/02\/correction-TD-AN-O5-ex-4-a-8.pdf\">correction TD AN O5 ex 4 \u00e0 8<\/a><a href=\"https:\/\/chimiepcsihoche.fr\/wp-content\/uploads\/2026\/02\/correction-TD-AN-O5-ex-4-a-8.pdf\" class=\"wp-block-file__button wp-element-button\" download aria-describedby=\"wp-block-file--media-db0f6130-ded6-4706-9bf4-9bb7fda13c22\">T\u00e9l\u00e9charger<\/a><\/div>\n\n\n\n<div data-wp-interactive=\"core\/file\" class=\"wp-block-file\"><object data-wp-bind--hidden=\"!state.hasPdfPreview\" hidden class=\"wp-block-file__embed\" data=\"https:\/\/chimiepcsihoche.fr\/wp-content\/uploads\/2026\/02\/equilibres-acido-basiques-TD-CORRECTION-EX4-et-5.pdf\" type=\"application\/pdf\" style=\"width:100%;height:600px\" aria-label=\"Contenu embarqu\u00e9 \u00e9quilibres acido-basiques TD CORRECTION EX4 et 5.\"><\/object><a id=\"wp-block-file--media-a46b422b-4afb-4091-99f3-b113ddedad08\" href=\"https:\/\/chimiepcsihoche.fr\/wp-content\/uploads\/2026\/02\/equilibres-acido-basiques-TD-CORRECTION-EX4-et-5.pdf\">\u00e9quilibres acido-basiques TD CORRECTION EX4 et 5<\/a><a href=\"https:\/\/chimiepcsihoche.fr\/wp-content\/uploads\/2026\/02\/equilibres-acido-basiques-TD-CORRECTION-EX4-et-5.pdf\" class=\"wp-block-file__button wp-element-button\" download aria-describedby=\"wp-block-file--media-a46b422b-4afb-4091-99f3-b113ddedad08\">T\u00e9l\u00e9charger<\/a><\/div>\n\n\n\n<div data-wp-interactive=\"core\/file\" class=\"wp-block-file\"><object data-wp-bind--hidden=\"!state.hasPdfPreview\" hidden class=\"wp-block-file__embed\" data=\"https:\/\/chimiepcsihoche.fr\/wp-content\/uploads\/2026\/01\/Cinetique-des-mecanismes-TD-correction-ex-4-et-5.pdf\" type=\"application\/pdf\" style=\"width:100%;height:600px\" aria-label=\"Contenu embarqu\u00e9 Cin\u00e9tique des m\u00e9canismes TD correction ex 4 et 5.\"><\/object><a id=\"wp-block-file--media-35a89be4-9a36-4a21-a637-cf919cfea5ac\" href=\"https:\/\/chimiepcsihoche.fr\/wp-content\/uploads\/2026\/01\/Cinetique-des-mecanismes-TD-correction-ex-4-et-5.pdf\">Cin\u00e9tique des m\u00e9canismes TD correction ex 4 et 5<\/a><a href=\"https:\/\/chimiepcsihoche.fr\/wp-content\/uploads\/2026\/01\/Cinetique-des-mecanismes-TD-correction-ex-4-et-5.pdf\" class=\"wp-block-file__button wp-element-button\" download aria-describedby=\"wp-block-file--media-35a89be4-9a36-4a21-a637-cf919cfea5ac\">T\u00e9l\u00e9charger<\/a><\/div>\n\n\n\n<div data-wp-interactive=\"core\/file\" class=\"wp-block-file\"><object data-wp-bind--hidden=\"!state.hasPdfPreview\" hidden class=\"wp-block-file__embed\" data=\"https:\/\/chimiepcsihoche.fr\/wp-content\/uploads\/2026\/01\/Elimination-TD-correction.pdf\" type=\"application\/pdf\" style=\"width:100%;height:600px\" aria-label=\"Contenu embarqu\u00e9 Elimination TD correction.\"><\/object><a id=\"wp-block-file--media-1c9c9d5a-5648-4f9f-849b-13100daa5d7f\" href=\"https:\/\/chimiepcsihoche.fr\/wp-content\/uploads\/2026\/01\/Elimination-TD-correction.pdf\">Elimination TD correction<\/a><a href=\"https:\/\/chimiepcsihoche.fr\/wp-content\/uploads\/2026\/01\/Elimination-TD-correction.pdf\" class=\"wp-block-file__button wp-element-button\" download aria-describedby=\"wp-block-file--media-1c9c9d5a-5648-4f9f-849b-13100daa5d7f\">T\u00e9l\u00e9charger<\/a><\/div>\n\n\n\n<div data-wp-interactive=\"core\/file\" class=\"wp-block-file\"><object data-wp-bind--hidden=\"!state.hasPdfPreview\" hidden class=\"wp-block-file__embed\" data=\"https:\/\/chimiepcsihoche.fr\/wp-content\/uploads\/2025\/12\/Forces-intermoleculaires-et-solvants-TD-corrections-ex-2-6-7.pdf\" type=\"application\/pdf\" style=\"width:100%;height:600px\" aria-label=\"Contenu embarqu\u00e9 Forces intermol\u00e9culaires et solvants TD corrections ex 2 6 7.\"><\/object><a id=\"wp-block-file--media-0969dfae-0359-4189-9acb-5a530bed259b\" href=\"https:\/\/chimiepcsihoche.fr\/wp-content\/uploads\/2025\/12\/Forces-intermoleculaires-et-solvants-TD-corrections-ex-2-6-7.pdf\">Forces intermol\u00e9culaires et solvants TD corrections ex 2 6 7<\/a><a href=\"https:\/\/chimiepcsihoche.fr\/wp-content\/uploads\/2025\/12\/Forces-intermoleculaires-et-solvants-TD-corrections-ex-2-6-7.pdf\" class=\"wp-block-file__button wp-element-button\" download aria-describedby=\"wp-block-file--media-0969dfae-0359-4189-9acb-5a530bed259b\">T\u00e9l\u00e9charger<\/a><\/div>\n","protected":false},"excerpt":{"rendered":"","protected":false},"author":1,"featured_media":0,"parent":0,"menu_order":0,"comment_status":"closed","ping_status":"closed","template":"","meta":{"_monsterinsights_skip_tracking":false,"_monsterinsights_sitenote_active":false,"_monsterinsights_sitenote_note":"","_monsterinsights_sitenote_category":0,"footnotes":""},"class_list":["post-2442","page","type-page","status-publish","hentry"],"_links":{"self":[{"href":"https:\/\/chimiepcsihoche.fr\/index.php\/wp-json\/wp\/v2\/pages\/2442","targetHints":{"allow":["GET"]}}],"collection":[{"href":"https:\/\/chimiepcsihoche.fr\/index.php\/wp-json\/wp\/v2\/pages"}],"about":[{"href":"https:\/\/chimiepcsihoche.fr\/index.php\/wp-json\/wp\/v2\/types\/page"}],"author":[{"embeddable":true,"href":"https:\/\/chimiepcsihoche.fr\/index.php\/wp-json\/wp\/v2\/users\/1"}],"replies":[{"embeddable":true,"href":"https:\/\/chimiepcsihoche.fr\/index.php\/wp-json\/wp\/v2\/comments?post=2442"}],"version-history":[{"count":52,"href":"https:\/\/chimiepcsihoche.fr\/index.php\/wp-json\/wp\/v2\/pages\/2442\/revisions"}],"predecessor-version":[{"id":3288,"href":"https:\/\/chimiepcsihoche.fr\/index.php\/wp-json\/wp\/v2\/pages\/2442\/revisions\/3288"}],"wp:attachment":[{"href":"https:\/\/chimiepcsihoche.fr\/index.php\/wp-json\/wp\/v2\/media?parent=2442"}],"curies":[{"name":"wp","href":"https:\/\/api.w.org\/{rel}","templated":true}]}}