{"id":2439,"date":"2023-09-18T21:58:32","date_gmt":"2023-09-18T19:58:32","guid":{"rendered":"http:\/\/chimiepcsihoche.fr\/?page_id=2439"},"modified":"2026-03-09T16:13:57","modified_gmt":"2026-03-09T15:13:57","slug":"corrections-tp","status":"publish","type":"page","link":"https:\/\/chimiepcsihoche.fr\/index.php\/corrections-tp\/","title":{"rendered":"Corrections TP"},"content":{"rendered":"\n<div data-wp-interactive=\"core\/file\" class=\"wp-block-file\"><object data-wp-bind--hidden=\"!state.hasPdfPreview\" hidden class=\"wp-block-file__embed\" data=\"https:\/\/chimiepcsihoche.fr\/wp-content\/uploads\/2026\/03\/TP-mutarotation-CORRECTION.pdf\" type=\"application\/pdf\" style=\"width:100%;height:600px\" aria-label=\"Contenu embarqu\u00e9 TP mutarotation CORRECTION.\"><\/object><a id=\"wp-block-file--media-ed9dcdb3-81c3-400c-b083-d6fc29439346\" href=\"https:\/\/chimiepcsihoche.fr\/wp-content\/uploads\/2026\/03\/TP-mutarotation-CORRECTION.pdf\">TP mutarotation CORRECTION<\/a><a href=\"https:\/\/chimiepcsihoche.fr\/wp-content\/uploads\/2026\/03\/TP-mutarotation-CORRECTION.pdf\" class=\"wp-block-file__button wp-element-button\" download aria-describedby=\"wp-block-file--media-ed9dcdb3-81c3-400c-b083-d6fc29439346\">T\u00e9l\u00e9charger<\/a><\/div>\n\n\n\n<div data-wp-interactive=\"core\/file\" class=\"wp-block-file\"><object data-wp-bind--hidden=\"!state.hasPdfPreview\" hidden class=\"wp-block-file__embed\" data=\"https:\/\/chimiepcsihoche.fr\/wp-content\/uploads\/2026\/01\/TP-solvolyse-du-chlorure-de-tertiobutyle-correction.pdf\" type=\"application\/pdf\" style=\"width:100%;height:600px\" aria-label=\"Contenu embarqu\u00e9 TP solvolyse du chlorure de tertiobutyle (correction).\"><\/object><a id=\"wp-block-file--media-72ca1a05-04d0-44d5-bb79-569f06928b2e\" href=\"https:\/\/chimiepcsihoche.fr\/wp-content\/uploads\/2026\/01\/TP-solvolyse-du-chlorure-de-tertiobutyle-correction.pdf\">TP solvolyse du chlorure de tertiobutyle (correction)<\/a><a href=\"https:\/\/chimiepcsihoche.fr\/wp-content\/uploads\/2026\/01\/TP-solvolyse-du-chlorure-de-tertiobutyle-correction.pdf\" class=\"wp-block-file__button wp-element-button\" download aria-describedby=\"wp-block-file--media-72ca1a05-04d0-44d5-bb79-569f06928b2e\">T\u00e9l\u00e9charger<\/a><\/div>\n\n\n\n<div data-wp-interactive=\"core\/file\" class=\"wp-block-file\"><object data-wp-bind--hidden=\"!state.hasPdfPreview\" hidden class=\"wp-block-file__embed\" data=\"https:\/\/chimiepcsihoche.fr\/wp-content\/uploads\/2026\/01\/TP-influence-de-la-dilution-conductimetrie-CORRECTION.pdf\" type=\"application\/pdf\" style=\"width:100%;height:600px\" aria-label=\"Contenu embarqu\u00e9 TP influence de la dilution conductim\u00e9trie CORRECTION.\"><\/object><a id=\"wp-block-file--media-9fdcc345-0cf0-4a3b-9f5a-8a37ffeb324f\" href=\"https:\/\/chimiepcsihoche.fr\/wp-content\/uploads\/2026\/01\/TP-influence-de-la-dilution-conductimetrie-CORRECTION.pdf\">TP influence de la dilution conductim\u00e9trie CORRECTION<\/a><a href=\"https:\/\/chimiepcsihoche.fr\/wp-content\/uploads\/2026\/01\/TP-influence-de-la-dilution-conductimetrie-CORRECTION.pdf\" class=\"wp-block-file__button wp-element-button\" download aria-describedby=\"wp-block-file--media-9fdcc345-0cf0-4a3b-9f5a-8a37ffeb324f\">T\u00e9l\u00e9charger<\/a><\/div>\n\n\n\n<div data-wp-interactive=\"core\/file\" class=\"wp-block-file\"><object data-wp-bind--hidden=\"!state.hasPdfPreview\" hidden class=\"wp-block-file__embed\" data=\"https:\/\/chimiepcsihoche.fr\/wp-content\/uploads\/2025\/12\/TP-isomerisation-azobenzene-correction-1.pdf\" type=\"application\/pdf\" style=\"width:100%;height:600px\" aria-label=\"Contenu embarqu\u00e9 TP isom\u00e9risation azobenz\u00e8ne (correction).\"><\/object><a id=\"wp-block-file--media-c62567bb-b0e8-4e6e-8946-d28790557818\" href=\"https:\/\/chimiepcsihoche.fr\/wp-content\/uploads\/2025\/12\/TP-isomerisation-azobenzene-correction-1.pdf\">TP isom\u00e9risation azobenz\u00e8ne (correction)<\/a><a href=\"https:\/\/chimiepcsihoche.fr\/wp-content\/uploads\/2025\/12\/TP-isomerisation-azobenzene-correction-1.pdf\" class=\"wp-block-file__button wp-element-button\" download aria-describedby=\"wp-block-file--media-c62567bb-b0e8-4e6e-8946-d28790557818\">T\u00e9l\u00e9charger<\/a><\/div>\n","protected":false},"excerpt":{"rendered":"","protected":false},"author":1,"featured_media":0,"parent":0,"menu_order":0,"comment_status":"closed","ping_status":"closed","template":"","meta":{"_monsterinsights_skip_tracking":false,"_monsterinsights_sitenote_active":false,"_monsterinsights_sitenote_note":"","_monsterinsights_sitenote_category":0,"footnotes":""},"class_list":["post-2439","page","type-page","status-publish","hentry"],"_links":{"self":[{"href":"https:\/\/chimiepcsihoche.fr\/index.php\/wp-json\/wp\/v2\/pages\/2439","targetHints":{"allow":["GET"]}}],"collection":[{"href":"https:\/\/chimiepcsihoche.fr\/index.php\/wp-json\/wp\/v2\/pages"}],"about":[{"href":"https:\/\/chimiepcsihoche.fr\/index.php\/wp-json\/wp\/v2\/types\/page"}],"author":[{"embeddable":true,"href":"https:\/\/chimiepcsihoche.fr\/index.php\/wp-json\/wp\/v2\/users\/1"}],"replies":[{"embeddable":true,"href":"https:\/\/chimiepcsihoche.fr\/index.php\/wp-json\/wp\/v2\/comments?post=2439"}],"version-history":[{"count":29,"href":"https:\/\/chimiepcsihoche.fr\/index.php\/wp-json\/wp\/v2\/pages\/2439\/revisions"}],"predecessor-version":[{"id":3244,"href":"https:\/\/chimiepcsihoche.fr\/index.php\/wp-json\/wp\/v2\/pages\/2439\/revisions\/3244"}],"wp:attachment":[{"href":"https:\/\/chimiepcsihoche.fr\/index.php\/wp-json\/wp\/v2\/media?parent=2439"}],"curies":[{"name":"wp","href":"https:\/\/api.w.org\/{rel}","templated":true}]}}