{"id":23,"date":"2018-09-06T13:41:28","date_gmt":"2018-09-06T11:41:28","guid":{"rendered":"http:\/\/chimiepcsihoche.fr\/?page_id=23"},"modified":"2021-03-03T14:42:25","modified_gmt":"2021-03-03T13:42:25","slug":"contact","status":"publish","type":"page","link":"https:\/\/chimiepcsihoche.fr\/index.php\/contact\/","title":{"rendered":"Contact"},"content":{"rendered":"<h3 id=\"h.p_GVBtzxE_u4Fs\" class=\"zfr3Q OmQG5e\">Pour toute question, remarque ou pour me signaler une absence :<\/h3>\n<p id=\"h.p_tT-ek1M6vBTD\" class=\"zfr3Q\">Anne-Sophie Debled : as.debled (a) gmail.com\u00a0 \u00a0ou\u00a0 \u00a0anne-sophie.debled1 (a) ac-versailles.fr<\/p>\n<p id=\"h.p_cmId2q8-yxH-\" class=\"zfr3Q\">Vous pouvez \u00e9galement me contacter par t\u00e9l\u00e9phone par l&rsquo;interm\u00e9diaire de vos d\u00e9l\u00e9gu\u00e9s de classe<\/p>\n<h3 id=\"h.p_GVBtzxE_u4Fs\" class=\"zfr3Q OmQG5e\">Lien vers le site du lyc\u00e9e :<\/h3>\n<p><a href=\"http:\/\/www.lyc-hoche-versailles.ac-versailles.fr\/\">http:\/\/www.lyc-hoche-versailles.ac-versailles.fr\/<\/a><\/p>\n","protected":false},"excerpt":{"rendered":"<p>Pour toute question, remarque ou pour me signaler une absence : Anne-Sophie Debled : as.debled (a) gmail.com\u00a0 \u00a0ou\u00a0 \u00a0anne-sophie.debled1 (a) ac-versailles.fr Vous pouvez \u00e9galement me contacter par t\u00e9l\u00e9phone par l&rsquo;interm\u00e9diaire de vos d\u00e9l\u00e9gu\u00e9s de classe Lien vers le site du lyc\u00e9e : http:\/\/www.lyc-hoche-versailles.ac-versailles.fr\/<\/p>\n","protected":false},"author":1,"featured_media":0,"parent":0,"menu_order":0,"comment_status":"closed","ping_status":"closed","template":"","meta":{"_monsterinsights_skip_tracking":false,"_monsterinsights_sitenote_active":false,"_monsterinsights_sitenote_note":"","_monsterinsights_sitenote_category":0,"footnotes":""},"class_list":["post-23","page","type-page","status-publish","hentry"],"_links":{"self":[{"href":"https:\/\/chimiepcsihoche.fr\/index.php\/wp-json\/wp\/v2\/pages\/23","targetHints":{"allow":["GET"]}}],"collection":[{"href":"https:\/\/chimiepcsihoche.fr\/index.php\/wp-json\/wp\/v2\/pages"}],"about":[{"href":"https:\/\/chimiepcsihoche.fr\/index.php\/wp-json\/wp\/v2\/types\/page"}],"author":[{"embeddable":true,"href":"https:\/\/chimiepcsihoche.fr\/index.php\/wp-json\/wp\/v2\/users\/1"}],"replies":[{"embeddable":true,"href":"https:\/\/chimiepcsihoche.fr\/index.php\/wp-json\/wp\/v2\/comments?post=23"}],"version-history":[{"count":5,"href":"https:\/\/chimiepcsihoche.fr\/index.php\/wp-json\/wp\/v2\/pages\/23\/revisions"}],"predecessor-version":[{"id":1033,"href":"https:\/\/chimiepcsihoche.fr\/index.php\/wp-json\/wp\/v2\/pages\/23\/revisions\/1033"}],"wp:attachment":[{"href":"https:\/\/chimiepcsihoche.fr\/index.php\/wp-json\/wp\/v2\/media?parent=23"}],"curies":[{"name":"wp","href":"https:\/\/api.w.org\/{rel}","templated":true}]}}